{"id":7077,"date":"2021-12-20T02:43:19","date_gmt":"2021-12-20T02:43:19","guid":{"rendered":"https:\/\/lundgreensinvestorinsights.com\/dk\/?page_id=7077"},"modified":"2021-12-20T02:51:51","modified_gmt":"2021-12-20T02:51:51","slug":"get-started","status":"publish","type":"page","link":"https:\/\/www.lundgreensinvestorinsights.com\/dk\/get-started\/","title":{"rendered":"Kom igang"},"content":{"rendered":"\t\t<div data-elementor-type=\"wp-page\" data-elementor-id=\"7077\" class=\"elementor elementor-7077\" data-elementor-settings=\"[]\">\n\t\t\t\t\t\t\t<div class=\"elementor-section-wrap\">\n\t\t\t\t\t\t\t<section class=\"elementor-section elementor-top-section elementor-element elementor-element-9ed6663 elementor-section-full_width elementor-section-height-default elementor-section-height-default\" data-id=\"9ed6663\" data-element_type=\"section\" data-settings=\"{&quot;background_background&quot;:&quot;classic&quot;}\">\n\t\t\t\t\t\t<div class=\"elementor-container elementor-column-gap-default\">\n\t\t\t\t\t<div class=\"elementor-column elementor-col-100 elementor-top-column elementor-element elementor-element-cffc67c\" data-id=\"cffc67c\" data-element_type=\"column\">\n\t\t\t<div class=\"elementor-widget-wrap elementor-element-populated\">\n\t\t\t\t\t\t\t\t<section class=\"elementor-section elementor-inner-section elementor-element elementor-element-29567cf elementor-reverse-mobile elementor-section-boxed elementor-section-height-default elementor-section-height-default\" data-id=\"29567cf\" data-element_type=\"section\">\n\t\t\t\t\t\t<div class=\"elementor-container elementor-column-gap-default\">\n\t\t\t\t\t<div class=\"elementor-column elementor-col-50 elementor-inner-column elementor-element elementor-element-8bd5195\" data-id=\"8bd5195\" data-element_type=\"column\">\n\t\t\t<div class=\"elementor-widget-wrap elementor-element-populated\">\n\t\t\t\t\t\t\t\t<div class=\"elementor-element elementor-element-fa436d6 elementor-widget elementor-widget-text-editor\" data-id=\"fa436d6\" data-element_type=\"widget\" data-widget_type=\"text-editor.default\">\n\t\t\t\t<div class=\"elementor-widget-container\">\n\t\t\t<style>\/*! elementor - v3.5.0 - 12-12-2021 *\/\n.elementor-widget-text-editor.elementor-drop-cap-view-stacked .elementor-drop-cap{background-color:#818a91;color:#fff}.elementor-widget-text-editor.elementor-drop-cap-view-framed .elementor-drop-cap{color:#818a91;border:3px solid;background-color:transparent}.elementor-widget-text-editor:not(.elementor-drop-cap-view-default) .elementor-drop-cap{margin-top:8px}.elementor-widget-text-editor:not(.elementor-drop-cap-view-default) .elementor-drop-cap-letter{width:1em;height:1em}.elementor-widget-text-editor .elementor-drop-cap{float:left;text-align:center;line-height:1;font-size:50px}.elementor-widget-text-editor .elementor-drop-cap-letter{display:inline-block}<\/style>\t\t\t\t<h2>Velkommen I Klubben!<\/h2><p>Lundgreen\u2018s Investor Insights publicerer financiel indsigt baseret p\u00e5 vores grundl\u00e6ggers bidrag til medier over hele kloden gennem \u00e5rtier. APP\u2019en er skabt med det form\u00e5l at kl\u00e6de investorer p\u00e5 til at v\u00e6re p\u00e5 forkant med de globale finansielle markeder gennem kvalificeret indsigt. Vi h\u00e5ber, at du f\u00e5r samme forn\u00f8jelse og indsigt, som titusinder af vores l\u00e6sere globalt har haft gennem det sidste \u00e5rti.<\/p><p>Vi tilbyder alle nye brugere et gratis to m\u00e5neders medlemskab uden nogen form for bindinger. Du kan i hele den gratis pr\u00f8veperiode opsige medlemskabet, n\u00e5r du vil. Vi h\u00e5ber, du synes, at indholdet er brugbart og v\u00e6rdifuldt i arbejdet med dine investeringer. Efter et par m\u00e5neders pr\u00f8vemedlemsskab kan du forts\u00e6tte dit Premium medlemskab til en introduktionspris p\u00e5 $ 4,99 (lidt mere end kr. 30,-) pr. m\u00e5ned \u2013 prisen er garanteret til og med 2023.<\/p><p>Har du kommentarer til vores produkt, h\u00f8rer vi meget gerne om din oplevelse med produktet.<\/p>\t\t\t\t\t\t<\/div>\n\t\t\t\t<\/div>\n\t\t\t\t<div class=\"elementor-element elementor-element-07860a5 elementor-widget elementor-widget-shortcode\" data-id=\"07860a5\" data-element_type=\"widget\" data-widget_type=\"shortcode.default\">\n\t\t\t\t<div class=\"elementor-widget-container\">\n\t\t\t\t\t<div class=\"elementor-shortcode\"><script type=\"text\/javascript\">var gform;gform||(document.addEventListener(\"gform_main_scripts_loaded\",function(){gform.scriptsLoaded=!0}),window.addEventListener(\"DOMContentLoaded\",function(){gform.domLoaded=!0}),gform={domLoaded:!1,scriptsLoaded:!1,initializeOnLoaded:function(o){gform.domLoaded&&gform.scriptsLoaded?o():!gform.domLoaded&&gform.scriptsLoaded?window.addEventListener(\"DOMContentLoaded\",o):document.addEventListener(\"gform_main_scripts_loaded\",o)},hooks:{action:{},filter:{}},addAction:function(o,n,r,t){gform.addHook(\"action\",o,n,r,t)},addFilter:function(o,n,r,t){gform.addHook(\"filter\",o,n,r,t)},doAction:function(o){gform.doHook(\"action\",o,arguments)},applyFilters:function(o){return gform.doHook(\"filter\",o,arguments)},removeAction:function(o,n){gform.removeHook(\"action\",o,n)},removeFilter:function(o,n,r){gform.removeHook(\"filter\",o,n,r)},addHook:function(o,n,r,t,i){null==gform.hooks[o][n]&&(gform.hooks[o][n]=[]);var e=gform.hooks[o][n];null==i&&(i=n+\"_\"+e.length),gform.hooks[o][n].push({tag:i,callable:r,priority:t=null==t?10:t})},doHook:function(n,o,r){var t;if(r=Array.prototype.slice.call(r,1),null!=gform.hooks[n][o]&&((o=gform.hooks[n][o]).sort(function(o,n){return o.priority-n.priority}),o.forEach(function(o){\"function\"!=typeof(t=o.callable)&&(t=window[t]),\"action\"==n?t.apply(null,r):r[0]=t.apply(null,r)})),\"filter\"==n)return r[0]},removeHook:function(o,n,t,i){var r;null!=gform.hooks[o][n]&&(r=(r=gform.hooks[o][n]).filter(function(o,n,r){return!!(null!=i&&i!=o.tag||null!=t&&t!=o.priority)}),gform.hooks[o][n]=r)}});<\/script>\n                <div class='gf_browser_gecko gform_wrapper gform_legacy_markup_wrapper' id='gform_wrapper_1' style='display:none'>\n                        <div class='gform_heading'>\n                            <span class='gform_description'><\/span>\n                        <\/div><form method='post' enctype='multipart\/form-data'  id='gform_1'  action='\/dk\/wp-json\/wp\/v2\/pages\/7077' novalidate autocomplete=\"off\">\n                        <div class='gform_body gform-body'><ul id='gform_fields_1' class='gform_fields top_label form_sublabel_below description_below'><li id=\"field_1_8\" class=\"gfield gfield_contains_required field_sublabel_below field_description_below gfield_visibility_visible\" ><label class='gfield_label' for='input_1_8' >Fulde navn<span class=\"gfield_required\"><span class=\"gfield_required gfield_required_asterisk\">*<\/span><\/span><\/label><div class='ginput_container ginput_container_text'><input autocomplete=\"off\"  name='input_8' id='input_1_8' type='text' value='' class='medium'     aria-required=\"true\" aria-invalid=\"false\"   \/> <\/div><\/li><li id=\"field_1_2\" class=\"gfield gfield_contains_required field_sublabel_below field_description_below gfield_visibility_visible\" ><label class='gfield_label' for='input_1_2' >E-mail<span class=\"gfield_required\"><span class=\"gfield_required gfield_required_asterisk\">*<\/span><\/span><\/label><div class='ginput_container ginput_container_email'>\n                            <input autocomplete=\"off\"  name='input_2' id='input_1_2' type='email' value='' class='medium'    aria-required=\"true\" aria-invalid=\"false\"  \/>\n                        <\/div><\/li><li id=\"field_1_6\" class=\"gfield gfield_contains_required field_sublabel_below field_description_below gfield_visibility_visible\" ><label class='gfield_label' for='input_1_6' >Adgangskode<span class=\"gfield_required\"><span class=\"gfield_required gfield_required_asterisk\">*<\/span><\/span><\/label><div class='ginput_container ginput_container_text'><input autocomplete=\"off\"  name='input_6' id='input_1_6' type='password' value='' class='medium'     aria-required=\"true\" aria-invalid=\"false\"   \/> <\/div><\/li><li id=\"field_1_7\" class=\"gfield gfield_contains_required field_sublabel_below field_description_below gfield_visibility_visible\" ><label class='gfield_label' for='input_1_7' >Gentag adgangskode<span class=\"gfield_required\"><span class=\"gfield_required gfield_required_asterisk\">*<\/span><\/span><\/label><div class='ginput_container ginput_container_text'><input autocomplete=\"off\"  name='input_7' id='input_1_7' type='password' value='' class='medium'     aria-required=\"true\" aria-invalid=\"false\"   \/> <\/div><\/li><li id=\"field_1_9\" class=\"gfield field_sublabel_below field_description_below hidden_label gfield_visibility_visible\" ><label class='gfield_label gfield_label_before_complex'  >terms<\/label><div class='ginput_container ginput_container_consent'><input autocomplete=\"off\"  name='input_9.1' id='input_1_9_1' type='checkbox' value='1'    aria-invalid=\"false\"   \/> <label class=\"gfield_consent_label\" for='input_1_9_1' >Jeg accepterer <a href=\"https:\/\/lundgreensinvestorinsights.com\/dk\/privacy-policy\" target=_blank\"\"> vilk\u00e5r  og betingelser, fortrolighedspolitik og abonnementsbetingelser<\/a>.<\/label><input autocomplete=\"off\"  type='hidden' name='input_9.2' value='Jeg accepterer &lt;a href=&quot;https:\/\/lundgreensinvestorinsights.com\/dk\/privacy-policy&quot; target=_blank&quot;&quot;&gt; vilk\u00e5r  og betingelser, fortrolighedspolitik og abonnementsbetingelser&lt;\/a&gt;.' class='gform_hidden' \/><input autocomplete=\"off\"  type='hidden' name='input_9.3' value='1' class='gform_hidden' \/><\/div><\/li><li id=\"field_1_10\" class=\"gfield gfield--width-full field_sublabel_below field_description_below hidden_label gfield_visibility_visible\" ><label class='gfield_label' for='input_1_10' >CAPTCHA<\/label><div id='input_1_10' class='ginput_container ginput_recaptcha' data-sitekey='6Lcjq8AdAAAAAHzVeF9TznQEc6Fn8YqX27LCz9sb'  data-theme='light' data-tabindex='0'  data-badge=''><\/div><\/li><li id=\"field_1_11\" class=\"gfield gform_validation_container field_sublabel_below field_description_below gfield_visibility_visible\" ><label class='gfield_label' for='input_1_11' >Name<\/label><div class='ginput_container'><input autocomplete=\"off\"  name='input_11' id='input_1_11' type='text' value='' autocomplete='new-password'\/><\/div><div class='gfield_description' id='gfield_description_1_11'>This field is for validation purposes and should be left unchanged.<\/div><\/li><\/ul><\/div>\n        <div class='gform_footer top_label'> <input type='submit' id='gform_submit_button_1' class='gform_button button' value='Abonner'  onclick='if(window[\"gf_submitting_1\"]){return false;}  if( !jQuery(\"#gform_1\")[0].checkValidity || jQuery(\"#gform_1\")[0].checkValidity()){window[\"gf_submitting_1\"]=true;}  ' onkeypress='if( event.keyCode == 13 ){ if(window[\"gf_submitting_1\"]){return false;} if( !jQuery(\"#gform_1\")[0].checkValidity || jQuery(\"#gform_1\")[0].checkValidity()){window[\"gf_submitting_1\"]=true;}  jQuery(\"#gform_1\").trigger(\"submit\",[true]); }' \/> \n            <input type='hidden' class='gform_hidden' name='is_submit_1' value='1' \/>\n            <input type='hidden' class='gform_hidden' name='gform_submit' value='1' \/>\n            \n            <input type='hidden' class='gform_hidden' name='gform_unique_id' value='' \/>\n            <input type='hidden' class='gform_hidden' name='state_1' value='WyJ7XCI5LjFcIjpcImIyZDlkOWFhMWIzNTk1YjUwNzNhOTc3OTM0MWE4NmY4XCIsXCI5LjJcIjpcIjJkMzdlNzg0OWE1MWIzZmU2OWNkYWI1MWI4YjZlZGExXCIsXCI5LjNcIjpcImIyZDlkOWFhMWIzNTk1YjUwNzNhOTc3OTM0MWE4NmY4XCJ9IiwiNmNkYzJkODBlZjE2ZWY4MzM5ZGI5YWFjZDhhOTc3NWIiXQ==' \/>\n            <input type='hidden' class='gform_hidden' name='gform_target_page_number_1' id='gform_target_page_number_1' value='0' \/>\n            <input type='hidden' class='gform_hidden' name='gform_source_page_number_1' id='gform_source_page_number_1' value='1' \/>\n            <input type='hidden' name='gform_field_values' value='' \/>\n            \n        <\/div>\n                        <\/form>\n                        <\/div><\/div>\n\t\t\t\t<\/div>\n\t\t\t\t<\/div>\n\t\t\t\t\t<\/div>\n\t\t<\/div>\n\t\t\t\t<div class=\"elementor-column elementor-col-50 elementor-inner-column elementor-element elementor-element-c072aac\" data-id=\"c072aac\" data-element_type=\"column\">\n\t\t\t<div class=\"elementor-widget-wrap elementor-element-populated\">\n\t\t\t\t\t\t\t\t<div class=\"elementor-element elementor-element-2a49722 elementor-widget elementor-widget-image\" data-id=\"2a49722\" data-element_type=\"widget\" data-widget_type=\"image.default\">\n\t\t\t\t<div class=\"elementor-widget-container\">\n\t\t\t<style>\/*! elementor - v3.5.0 - 12-12-2021 *\/\n.elementor-widget-image{text-align:center}.elementor-widget-image a{display:inline-block}.elementor-widget-image a img[src$=\".svg\"]{width:48px}.elementor-widget-image img{vertical-align:middle;display:inline-block}<\/style>\t\t\t\t\t\t\t\t\t\t\t\t<img width=\"367\" height=\"779\" src=\"https:\/\/www.lundgreensinvestorinsights.com\/dk\/wp-content\/blogs.dir\/1\/files\/sites\/4\/2021\/12\/get-started-phone-new.png\" class=\"attachment-full size-full\" alt=\"\" loading=\"lazy\" srcset=\"https:\/\/www.lundgreensinvestorinsights.com\/dk\/wp-content\/blogs.dir\/1\/files\/sites\/4\/2021\/12\/get-started-phone-new.png 367w, https:\/\/www.lundgreensinvestorinsights.com\/dk\/wp-content\/blogs.dir\/1\/files\/sites\/4\/2021\/12\/get-started-phone-new-141x300.png 141w\" sizes=\"(max-width: 367px) 100vw, 367px\" \/>\t\t\t\t\t\t\t\t\t\t\t\t\t\t\t<\/div>\n\t\t\t\t<\/div>\n\t\t\t\t\t<\/div>\n\t\t<\/div>\n\t\t\t\t\t\t\t<\/div>\n\t\t<\/section>\n\t\t\t\t\t<\/div>\n\t\t<\/div>\n\t\t\t\t\t\t\t<\/div>\n\t\t<\/section>\n\t\t\t\t\t\t<\/div>\n\t\t\t\t\t<\/div>\n\t\t","protected":false},"excerpt":{"rendered":"","protected":false},"author":1,"featured_media":0,"parent":0,"menu_order":0,"comment_status":"closed","ping_status":"closed","template":"","meta":[],"categories":[],"yoast_head":"<!-- This site is optimized with the Yoast SEO plugin v17.8 - https:\/\/yoast.com\/wordpress\/plugins\/seo\/ -->\n<title>Kom igang - Lundgreens Investor Insights DK<\/title>\n<meta name=\"robots\" content=\"index, follow, max-snippet:-1, max-image-preview:large, max-video-preview:-1\" \/>\n<link rel=\"canonical\" href=\"https:\/\/www.lundgreensinvestorinsights.com\/dk\/get-started\/\" \/>\n<meta property=\"og:locale\" content=\"en_US\" \/>\n<meta property=\"og:type\" content=\"article\" \/>\n<meta property=\"og:title\" content=\"Kom igang - Lundgreens Investor Insights DK\" \/>\n<meta property=\"og:url\" content=\"https:\/\/www.lundgreensinvestorinsights.com\/dk\/get-started\/\" \/>\n<meta property=\"og:site_name\" content=\"Lundgreens Investor Insights DK\" \/>\n<meta property=\"article:publisher\" content=\"https:\/\/www.facebook.com\/lundgreenscapitaluk\/\" \/>\n<meta property=\"article:modified_time\" content=\"2021-12-20T02:51:51+00:00\" \/>\n<meta property=\"og:image\" content=\"https:\/\/lundgreensinvestorinsights.com\/dk\/wp-content\/uploads\/2021\/12\/get-started-phone-new.png\" \/>\n<meta name=\"twitter:card\" content=\"summary_large_image\" \/>\n<meta name=\"twitter:site\" content=\"@LundgreensCPTL\" \/>\n<meta name=\"twitter:label1\" content=\"Est. reading time\" \/>\n\t<meta name=\"twitter:data1\" content=\"1 minute\" \/>\n<script type=\"application\/ld+json\" class=\"yoast-schema-graph\">{\"@context\":\"https:\/\/schema.org\",\"@graph\":[{\"@type\":\"Organization\",\"@id\":\"https:\/\/www.lundgreensinvestorinsights.com\/dk\/#organization\",\"name\":\"Lundgreens Investor Insights DK\",\"url\":\"https:\/\/www.lundgreensinvestorinsights.com\/dk\/\",\"sameAs\":[\"https:\/\/www.facebook.com\/lundgreenscapitaluk\/\",\"https:\/\/www.linkedin.com\/in\/peter-lundgreen-50411925\/\",\"https:\/\/twitter.com\/LundgreensCPTL\"],\"logo\":{\"@type\":\"ImageObject\",\"@id\":\"https:\/\/www.lundgreensinvestorinsights.com\/dk\/#logo\",\"inLanguage\":\"en-US\",\"url\":\"https:\/\/lundgreensinvestorinsights.com\/dk\/wp-content\/blogs.dir\/1\/files\/sites\/4\/2021\/12\/eye-transparent.png\",\"contentUrl\":\"https:\/\/lundgreensinvestorinsights.com\/dk\/wp-content\/blogs.dir\/1\/files\/sites\/4\/2021\/12\/eye-transparent.png\",\"width\":200,\"height\":200,\"caption\":\"Lundgreens Investor Insights DK\"},\"image\":{\"@id\":\"https:\/\/www.lundgreensinvestorinsights.com\/dk\/#logo\"}},{\"@type\":\"WebSite\",\"@id\":\"https:\/\/www.lundgreensinvestorinsights.com\/dk\/#website\",\"url\":\"https:\/\/www.lundgreensinvestorinsights.com\/dk\/\",\"name\":\"Lundgreens Investor Insights DK\",\"description\":\"Professional Investment Advisory, Financial Services, and Global Market Insights\",\"publisher\":{\"@id\":\"https:\/\/www.lundgreensinvestorinsights.com\/dk\/#organization\"},\"potentialAction\":[{\"@type\":\"SearchAction\",\"target\":{\"@type\":\"EntryPoint\",\"urlTemplate\":\"https:\/\/www.lundgreensinvestorinsights.com\/dk\/?s={search_term_string}\"},\"query-input\":\"required name=search_term_string\"}],\"inLanguage\":\"en-US\"},{\"@type\":\"ImageObject\",\"@id\":\"https:\/\/www.lundgreensinvestorinsights.com\/dk\/get-started\/#primaryimage\",\"inLanguage\":\"en-US\",\"url\":\"https:\/\/lundgreensinvestorinsights.com\/dk\/wp-content\/uploads\/2021\/12\/get-started-phone-new.png\",\"contentUrl\":\"https:\/\/lundgreensinvestorinsights.com\/dk\/wp-content\/uploads\/2021\/12\/get-started-phone-new.png\"},{\"@type\":\"WebPage\",\"@id\":\"https:\/\/www.lundgreensinvestorinsights.com\/dk\/get-started\/#webpage\",\"url\":\"https:\/\/www.lundgreensinvestorinsights.com\/dk\/get-started\/\",\"name\":\"Kom igang - Lundgreens Investor Insights DK\",\"isPartOf\":{\"@id\":\"https:\/\/www.lundgreensinvestorinsights.com\/dk\/#website\"},\"primaryImageOfPage\":{\"@id\":\"https:\/\/www.lundgreensinvestorinsights.com\/dk\/get-started\/#primaryimage\"},\"datePublished\":\"2021-12-20T02:43:19+00:00\",\"dateModified\":\"2021-12-20T02:51:51+00:00\",\"breadcrumb\":{\"@id\":\"https:\/\/www.lundgreensinvestorinsights.com\/dk\/get-started\/#breadcrumb\"},\"inLanguage\":\"en-US\",\"potentialAction\":[{\"@type\":\"ReadAction\",\"target\":[\"https:\/\/www.lundgreensinvestorinsights.com\/dk\/get-started\/\"]}]},{\"@type\":\"BreadcrumbList\",\"@id\":\"https:\/\/www.lundgreensinvestorinsights.com\/dk\/get-started\/#breadcrumb\",\"itemListElement\":[{\"@type\":\"ListItem\",\"position\":1,\"name\":\"Home\",\"item\":\"https:\/\/www.lundgreensinvestorinsights.com\/dk\/\"},{\"@type\":\"ListItem\",\"position\":2,\"name\":\"Kom igang\"}]}]}<\/script>\n<!-- \/ Yoast SEO plugin. -->","yoast_head_json":{"title":"Kom igang - Lundgreens Investor Insights DK","robots":{"index":"index","follow":"follow","max-snippet":"max-snippet:-1","max-image-preview":"max-image-preview:large","max-video-preview":"max-video-preview:-1"},"canonical":"https:\/\/www.lundgreensinvestorinsights.com\/dk\/get-started\/","og_locale":"en_US","og_type":"article","og_title":"Kom igang - Lundgreens Investor Insights DK","og_url":"https:\/\/www.lundgreensinvestorinsights.com\/dk\/get-started\/","og_site_name":"Lundgreens Investor Insights DK","article_publisher":"https:\/\/www.facebook.com\/lundgreenscapitaluk\/","article_modified_time":"2021-12-20T02:51:51+00:00","og_image":[{"url":"https:\/\/lundgreensinvestorinsights.com\/dk\/wp-content\/uploads\/2021\/12\/get-started-phone-new.png"}],"twitter_card":"summary_large_image","twitter_site":"@LundgreensCPTL","twitter_misc":{"Est. reading time":"1 minute"},"schema":{"@context":"https:\/\/schema.org","@graph":[{"@type":"Organization","@id":"https:\/\/www.lundgreensinvestorinsights.com\/dk\/#organization","name":"Lundgreens Investor Insights DK","url":"https:\/\/www.lundgreensinvestorinsights.com\/dk\/","sameAs":["https:\/\/www.facebook.com\/lundgreenscapitaluk\/","https:\/\/www.linkedin.com\/in\/peter-lundgreen-50411925\/","https:\/\/twitter.com\/LundgreensCPTL"],"logo":{"@type":"ImageObject","@id":"https:\/\/www.lundgreensinvestorinsights.com\/dk\/#logo","inLanguage":"en-US","url":"https:\/\/lundgreensinvestorinsights.com\/dk\/wp-content\/blogs.dir\/1\/files\/sites\/4\/2021\/12\/eye-transparent.png","contentUrl":"https:\/\/lundgreensinvestorinsights.com\/dk\/wp-content\/blogs.dir\/1\/files\/sites\/4\/2021\/12\/eye-transparent.png","width":200,"height":200,"caption":"Lundgreens Investor Insights DK"},"image":{"@id":"https:\/\/www.lundgreensinvestorinsights.com\/dk\/#logo"}},{"@type":"WebSite","@id":"https:\/\/www.lundgreensinvestorinsights.com\/dk\/#website","url":"https:\/\/www.lundgreensinvestorinsights.com\/dk\/","name":"Lundgreens Investor Insights DK","description":"Professional Investment Advisory, Financial Services, and Global Market Insights","publisher":{"@id":"https:\/\/www.lundgreensinvestorinsights.com\/dk\/#organization"},"potentialAction":[{"@type":"SearchAction","target":{"@type":"EntryPoint","urlTemplate":"https:\/\/www.lundgreensinvestorinsights.com\/dk\/?s={search_term_string}"},"query-input":"required name=search_term_string"}],"inLanguage":"en-US"},{"@type":"ImageObject","@id":"https:\/\/www.lundgreensinvestorinsights.com\/dk\/get-started\/#primaryimage","inLanguage":"en-US","url":"https:\/\/lundgreensinvestorinsights.com\/dk\/wp-content\/uploads\/2021\/12\/get-started-phone-new.png","contentUrl":"https:\/\/lundgreensinvestorinsights.com\/dk\/wp-content\/uploads\/2021\/12\/get-started-phone-new.png"},{"@type":"WebPage","@id":"https:\/\/www.lundgreensinvestorinsights.com\/dk\/get-started\/#webpage","url":"https:\/\/www.lundgreensinvestorinsights.com\/dk\/get-started\/","name":"Kom igang - Lundgreens Investor Insights DK","isPartOf":{"@id":"https:\/\/www.lundgreensinvestorinsights.com\/dk\/#website"},"primaryImageOfPage":{"@id":"https:\/\/www.lundgreensinvestorinsights.com\/dk\/get-started\/#primaryimage"},"datePublished":"2021-12-20T02:43:19+00:00","dateModified":"2021-12-20T02:51:51+00:00","breadcrumb":{"@id":"https:\/\/www.lundgreensinvestorinsights.com\/dk\/get-started\/#breadcrumb"},"inLanguage":"en-US","potentialAction":[{"@type":"ReadAction","target":["https:\/\/www.lundgreensinvestorinsights.com\/dk\/get-started\/"]}]},{"@type":"BreadcrumbList","@id":"https:\/\/www.lundgreensinvestorinsights.com\/dk\/get-started\/#breadcrumb","itemListElement":[{"@type":"ListItem","position":1,"name":"Home","item":"https:\/\/www.lundgreensinvestorinsights.com\/dk\/"},{"@type":"ListItem","position":2,"name":"Kom igang"}]}]}},"_links":{"self":[{"href":"https:\/\/www.lundgreensinvestorinsights.com\/dk\/wp-json\/wp\/v2\/pages\/7077"}],"collection":[{"href":"https:\/\/www.lundgreensinvestorinsights.com\/dk\/wp-json\/wp\/v2\/pages"}],"about":[{"href":"https:\/\/www.lundgreensinvestorinsights.com\/dk\/wp-json\/wp\/v2\/types\/page"}],"author":[{"embeddable":true,"href":"https:\/\/www.lundgreensinvestorinsights.com\/dk\/wp-json\/wp\/v2\/users\/1"}],"replies":[{"embeddable":true,"href":"https:\/\/www.lundgreensinvestorinsights.com\/dk\/wp-json\/wp\/v2\/comments?post=7077"}],"version-history":[{"count":7,"href":"https:\/\/www.lundgreensinvestorinsights.com\/dk\/wp-json\/wp\/v2\/pages\/7077\/revisions"}],"predecessor-version":[{"id":7087,"href":"https:\/\/www.lundgreensinvestorinsights.com\/dk\/wp-json\/wp\/v2\/pages\/7077\/revisions\/7087"}],"wp:attachment":[{"href":"https:\/\/www.lundgreensinvestorinsights.com\/dk\/wp-json\/wp\/v2\/media?parent=7077"}],"wp:term":[{"taxonomy":"category","embeddable":true,"href":"https:\/\/www.lundgreensinvestorinsights.com\/dk\/wp-json\/wp\/v2\/categories?post=7077"}],"curies":[{"name":"wp","href":"https:\/\/api.w.org\/{rel}","templated":true}]}}